{"id":10891,"date":"2024-11-07T09:36:21","date_gmt":"2024-11-07T08:36:21","guid":{"rendered":"https:\/\/dev.farm-good.com\/?post_type=product&#038;p=10891"},"modified":"2024-12-30T05:25:18","modified_gmt":"2024-12-30T04:25:18","slug":"savagnin","status":"publish","type":"product","link":"https:\/\/dev.farm-good.com\/it\/produit\/savagnin\/","title":{"rendered":"Savagnin, VDP, 2022, 75 cl"},"content":{"rendered":"<ul class=\"YInLPU\" data-hook=\"collapse-info-section\">\n<li class=\"KHWbzo undefined\" data-hook=\"collapse-info-item\">\n<h2 class=\"sNipX2_ ojo6Ou4---typography-11-runningText ojo6Ou4---priority-7-primary _HOcyB x4nptw sxbtulv\" aria-hidden=\"false\" data-hook=\"info-section-title\">SERVICE<\/h2>\n<div class=\"rah-static rah-static--height-auto\" aria-hidden=\"false\">\n<div>\n<div class=\"ulKuLk QfrfFD cell\">\n<div class=\"zp8uy2\" data-hook=\"info-section-description\">\n<p>Garde: 7 &#8211; 10 ans<\/p>\n<p>Temp\u00e9rature de service: 10\u00b0C &#8211; 12\u00b0C<\/p>\n<p>Conditions de garde: temp\u00e9rature 10\u00b0C &#8211; 14\u00b0C,\u00a0le prot\u00e9ger de la lumi\u00e8re,\u00a0position horizontale<\/p>\n<p>Fermeture: bouchon li\u00e8ge naturel<\/p>\n<p>&nbsp;<\/p>\n<ul class=\"YInLPU\" data-hook=\"collapse-info-section\">\n<li class=\"KHWbzo undefined\" data-hook=\"collapse-info-item\">\n<h2 class=\"sNipX2_ ojo6Ou4---typography-11-runningText ojo6Ou4---priority-7-primary _HOcyB x4nptw sxbtulv\" aria-hidden=\"false\" data-hook=\"info-section-title\">CARACT\u00c9RISTIQUES ET ACCORDS<\/h2>\n<div class=\"rah-static rah-static--height-auto\" aria-hidden=\"false\">\n<div>\n<div class=\"ulKuLk QfrfFD cell\">\n<div class=\"zp8uy2\" data-hook=\"info-section-description\">\n<p>A l&#8217;oeil: robe jaune dor\u00e9<\/p>\n<p>Au nez \/ en bouche: tension de la p\u00eache blanche, sur le fruit de la p\u00eache jaune, effet menthol\u00e9 et \u00e9pic\u00e9<\/p>\n<p>Accord mets &amp; vins: fromage frais, risotto safran\u00e9, cochonaille, gratin, fondue et raclette<\/p>\n<\/div>\n<\/div>\n<\/div>\n<\/div>\n<\/li>\n<\/ul>\n<\/div>\n<\/div>\n<\/div>\n<\/div>\n<\/li>\n<\/ul>\n","protected":false},"excerpt":{"rendered":"<p>C\u00e9page: 100% savagnin<\/p>\n<p>Mill\u00e9sime: 2022\u00a0\u200b\u200b\u200b\u200b\u200b\u200b\u200b<\/p>\n<p>Appellation : vin de pays<\/p>\n<p>Couleur et type: blanc, sec<\/p>\n<p>Provenance: Savi\u00e8se\u00a0(Valais)<\/p>\n<p>Vinification : \u00e9levage sur lies en cuve inox<\/p>\n<p>750 ml, 13.5% alcool<\/p>\n","protected":false},"featured_media":10821,"comment_status":"open","ping_status":"closed","template":"","meta":[],"product_brand":[],"product_cat":[467],"product_tag":[],"class_list":{"0":"post-10891","1":"product","2":"type-product","3":"status-publish","4":"has-post-thumbnail","6":"product_cat-vins-biodynamiques-naturels-2","8":"first","9":"instock","10":"shipping-taxable","11":"purchasable","12":"product-type-simple"},"_links":{"self":[{"href":"https:\/\/dev.farm-good.com\/it\/wp-json\/wp\/v2\/product\/10891","targetHints":{"allow":["GET"]}}],"collection":[{"href":"https:\/\/dev.farm-good.com\/it\/wp-json\/wp\/v2\/product"}],"about":[{"href":"https:\/\/dev.farm-good.com\/it\/wp-json\/wp\/v2\/types\/product"}],"replies":[{"embeddable":true,"href":"https:\/\/dev.farm-good.com\/it\/wp-json\/wp\/v2\/comments?post=10891"}],"wp:featuredmedia":[{"embeddable":true,"href":"https:\/\/dev.farm-good.com\/it\/wp-json\/wp\/v2\/media\/10821"}],"wp:attachment":[{"href":"https:\/\/dev.farm-good.com\/it\/wp-json\/wp\/v2\/media?parent=10891"}],"wp:term":[{"taxonomy":"product_brand","embeddable":true,"href":"https:\/\/dev.farm-good.com\/it\/wp-json\/wp\/v2\/product_brand?post=10891"},{"taxonomy":"product_cat","embeddable":true,"href":"https:\/\/dev.farm-good.com\/it\/wp-json\/wp\/v2\/product_cat?post=10891"},{"taxonomy":"product_tag","embeddable":true,"href":"https:\/\/dev.farm-good.com\/it\/wp-json\/wp\/v2\/product_tag?post=10891"}],"curies":[{"name":"wp","href":"https:\/\/api.w.org\/{rel}","templated":true}]}}