{"id":9944,"date":"2024-10-02T09:59:26","date_gmt":"2024-10-02T07:59:26","guid":{"rendered":"https:\/\/dev.farm-good.com\/chi-siamo\/"},"modified":"2024-11-22T20:22:25","modified_gmt":"2024-11-22T19:22:25","slug":"chi-siamo","status":"publish","type":"page","link":"https:\/\/dev.farm-good.com\/it\/chi-siamo\/","title":{"rendered":"Chi siamo"},"content":{"rendered":"<h1>\n\t\t\t\t\t\t\t\t\tLa Fattoria: una bella storia<br \/>\n\t\t\t\t\t\t\t<\/h1>\n<p>\n\t\t\t\t\t\t\t\t\tTutto \u00e8 iniziato con una passione comune per i sapori autentici e i prodotti veri, e con un desiderio irresistibile di riconnettere le persone con la natura che le nutre.<br \/>\nAbbiamo setacciato mercati, esplorato fattorie, parlato con produttori appassionati e ci siamo posti una semplice domanda: come possiamo rendere questi tesori della nostra terra accessibili a tutti, senza compromettere la qualit\u00e0 o l&#8217;autenticit\u00e0?\n\t\t\t\t\t\t\t<\/p>\n<p>\t\t\t\t\t\t\t\t<a href=\"https:\/\/dev.farm-good.com\/it\/\"><br \/>\n\t\t\t\t\t\t\t\t\tScopri i nostri rivenditori<br \/>\n\t\t\t\t\t<\/a><\/p>\n<p>Crediamo che ogni pasto sia un&#8217;opportunit\u00e0 per riconnettersi con ci\u00f2 che conta davvero: prodotti che hanno un buon sapore, rispettano i cicli della natura e sostengono le comunit\u00e0 locali.<br \/>\nLa nostra missione \u00e8 offrirti l&#8217;opportunit\u00e0 di scoprire, assaporare e condividere questi prodotti autentici, creando un legame diretto tra te e i produttori che li realizzano. <\/p>\n<p>Abbiamo scelto di promuovere i produttori che condividono i nostri valori: rispetto per la terra, impegno per la qualit\u00e0 e amore per il lavoro ben fatto.<br \/>\nAcquistando sulla nostra piattaforma, non fai solo una scelta per il tuo palato, ma anche per la tua vita: sostieni un&#8217;agricoltura pi\u00f9 umana e sostenibile. <\/p>\n<p><iframe loading=\"lazy\" title=\"Video Placeholder\" width=\"660\" height=\"371\" src=\"https:\/\/www.youtube.com\/embed\/XHOmBV4js_E?feature=oembed\" frameborder=\"0\" allow=\"accelerometer; autoplay; clipboard-write; encrypted-media; gyroscope; picture-in-picture; web-share\" referrerpolicy=\"strict-origin-when-cross-origin\" allowfullscreen><\/iframe>\t\t<\/p>\n<h2>\n\t\t\t\t\t\t\t\t\tCosa offriamo a Farm-Good<br \/>\n\t\t\t\t\t\t\t\t\tScopri i prodotti autentici della fattoria, a portata di click.<br \/>\n\t\t\t\t\t\t\t<\/h2>\n<h3>\n\t\t\t\t\t\t\tProdotti freschi di fattoria<br \/>\n\t\t\t\t\t<\/h3>\n<p>\n\t\t\t\t\t\tAccedi a prodotti freschi e locali direttamente dagli agricoltori della tua zona.\n\t\t\t\t\t<\/p>\n<h3>\n\t\t\t\t\t\t\tControlli facili<br \/>\n\t\t\t\t\t<\/h3>\n<p>\n\t\t\t\t\t\tFai i tuoi ordini direttamente ai produttori, senza intermediari.\n\t\t\t\t\t<\/p>\n<h3>\n\t\t\t\t\t\t\tFacile raccolta in fattoria<br \/>\n\t\t\t\t\t<\/h3>\n<p>\n\t\t\t\t\t\tRitira i tuoi acquisti direttamente in fattoria, per un&#8217;esperienza autentica e amichevole.\n\t\t\t\t\t<\/p>\n<p>I valori della fattoria<\/p>\n<ul>\n<li style=\"margin-bottom: 10px;\"><strong>Autenticit\u00e0<\/strong>: ogni prodotto che offriamo \u00e8 selezionato per la sua qualit\u00e0, la sua storia e il rispetto del know-how tradizionale.<br \/>\nQui non ci sono compromessi.<br \/>\nSai esattamente cosa stai mangiando e puoi fidarti dei nostri produttori per avere il meglio.  <\/li>\n<li style=\"margin-bottom: 10px;\"> <strong>Trasparenza<\/strong>: crediamo nella totale trasparenza.<br \/>\nHai il diritto di sapere chi c&#8217;\u00e8 dietro ogni prodotto, da dove proviene, come \u00e8 stato coltivato e come \u00e8 stato realizzato.<br \/>\nQuesta tracciabilit\u00e0 \u00e8 il cuore del nostro impegno nei tuoi confronti.  <\/li>\n<li style=\"margin-bottom: 10px;\"><strong>Sostenere le comunit\u00e0 locali<\/strong>: acquistare locale significa sostenere le famiglie, gli artigiani e gli agricoltori che mantengono vive le nostre campagne.<br \/>\nSignifica anche preservare il know-how, le variet\u00e0 locali e uno stile di vita che rispetta le persone e la natura. <\/li>\n<li style=\"margin-bottom: 10px;\"><strong>Rispetto per la natura<\/strong>: ci impegniamo a promuovere pratiche agricole rispettose dell&#8217;ambiente, a favorire canali di distribuzione brevi e a ridurre l&#8217;impronta ecologica di ogni prodotto.<br \/>\nIn modo che ogni acquisto sia un passo verso un futuro pi\u00f9 sostenibile. <\/li>\n<\/ul>\n","protected":false},"excerpt":{"rendered":"<p>La Fattoria: una bella storia Tutto \u00e8 iniziato con una passione comune per i sapori autentici e i prodotti veri, e con un desiderio irresistibile di riconnettere le persone con la natura che le nutre. Abbiamo setacciato mercati, esplorato fattorie, parlato con produttori appassionati e ci siamo posti una semplice domanda: come possiamo rendere questi &hellip; <a href=\"https:\/\/dev.farm-good.com\/it\/chi-siamo\/\" class=\"more-link\">Continua la lettura di <span class=\"screen-reader-text\">Chi siamo<\/span><\/a><\/p>\n","protected":false},"author":1,"featured_media":0,"parent":0,"menu_order":0,"comment_status":"closed","ping_status":"closed","template":"elementor_header_footer","meta":{"footnotes":""},"class_list":["post-9944","page","type-page","status-publish","hentry"],"_links":{"self":[{"href":"https:\/\/dev.farm-good.com\/it\/wp-json\/wp\/v2\/pages\/9944","targetHints":{"allow":["GET"]}}],"collection":[{"href":"https:\/\/dev.farm-good.com\/it\/wp-json\/wp\/v2\/pages"}],"about":[{"href":"https:\/\/dev.farm-good.com\/it\/wp-json\/wp\/v2\/types\/page"}],"author":[{"embeddable":true,"href":"https:\/\/dev.farm-good.com\/it\/wp-json\/wp\/v2\/users\/1"}],"replies":[{"embeddable":true,"href":"https:\/\/dev.farm-good.com\/it\/wp-json\/wp\/v2\/comments?post=9944"}],"version-history":[{"count":2,"href":"https:\/\/dev.farm-good.com\/it\/wp-json\/wp\/v2\/pages\/9944\/revisions"}],"predecessor-version":[{"id":11325,"href":"https:\/\/dev.farm-good.com\/it\/wp-json\/wp\/v2\/pages\/9944\/revisions\/11325"}],"wp:attachment":[{"href":"https:\/\/dev.farm-good.com\/it\/wp-json\/wp\/v2\/media?parent=9944"}],"curies":[{"name":"wp","href":"https:\/\/api.w.org\/{rel}","templated":true}]}}