{"id":10718,"date":"2024-11-04T10:45:28","date_gmt":"2024-11-04T09:45:28","guid":{"rendered":"https:\/\/dev.farm-good.com\/?post_type=product&#038;p=10718"},"modified":"2024-12-09T11:09:32","modified_gmt":"2024-12-09T10:09:32","slug":"pomme-de-terre-frite-fraiche","status":"publish","type":"product","link":"https:\/\/dev.farm-good.com\/en\/produit\/pomme-de-terre-frite-fraiche\/","title":{"rendered":"Pomme de terre &#8211; Frite fra\u00eeche 1 kg"},"content":{"rendered":"","protected":false},"excerpt":{"rendered":"<p>Pomme de terre &#8211; frite fra\u00eeche vari\u00e9t\u00e9 AGRIA (8 mm)<\/p>\n","protected":false},"featured_media":10731,"comment_status":"open","ping_status":"closed","template":"","meta":[],"product_brand":[],"product_cat":[484,487],"product_tag":[],"class_list":{"0":"post-10718","1":"product","2":"type-product","3":"status-publish","4":"has-post-thumbnail","6":"product_cat-fruits-legumes-2","7":"product_cat-pommes-de-terre-carottes-navets-2","9":"first","10":"instock","11":"sold-individually","12":"shipping-taxable","13":"purchasable","14":"product-type-simple"},"_links":{"self":[{"href":"https:\/\/dev.farm-good.com\/en\/wp-json\/wp\/v2\/product\/10718","targetHints":{"allow":["GET"]}}],"collection":[{"href":"https:\/\/dev.farm-good.com\/en\/wp-json\/wp\/v2\/product"}],"about":[{"href":"https:\/\/dev.farm-good.com\/en\/wp-json\/wp\/v2\/types\/product"}],"replies":[{"embeddable":true,"href":"https:\/\/dev.farm-good.com\/en\/wp-json\/wp\/v2\/comments?post=10718"}],"wp:featuredmedia":[{"embeddable":true,"href":"https:\/\/dev.farm-good.com\/en\/wp-json\/wp\/v2\/media\/10731"}],"wp:attachment":[{"href":"https:\/\/dev.farm-good.com\/en\/wp-json\/wp\/v2\/media?parent=10718"}],"wp:term":[{"taxonomy":"product_brand","embeddable":true,"href":"https:\/\/dev.farm-good.com\/en\/wp-json\/wp\/v2\/product_brand?post=10718"},{"taxonomy":"product_cat","embeddable":true,"href":"https:\/\/dev.farm-good.com\/en\/wp-json\/wp\/v2\/product_cat?post=10718"},{"taxonomy":"product_tag","embeddable":true,"href":"https:\/\/dev.farm-good.com\/en\/wp-json\/wp\/v2\/product_tag?post=10718"}],"curies":[{"name":"wp","href":"https:\/\/api.w.org\/{rel}","templated":true}]}}