{"id":10797,"date":"2024-11-06T21:34:41","date_gmt":"2024-11-06T20:34:41","guid":{"rendered":"https:\/\/dev.farm-good.com\/?post_type=product&#038;p=10797"},"modified":"2024-12-09T11:09:32","modified_gmt":"2024-12-09T10:09:32","slug":"chasselas","status":"publish","type":"product","link":"https:\/\/dev.farm-good.com\/de\/produit\/chasselas\/","title":{"rendered":"Chasselas, VDP, 2022, 75 cl"},"content":{"rendered":"<ul class=\"YInLPU\" data-hook=\"collapse-info-section\">\n<li class=\"KHWbzo undefined\" data-hook=\"collapse-info-item\">\n<h2 class=\"sNipX2_ ojo6Ou4---typography-11-runningText ojo6Ou4---priority-7-primary _HOcyB x4nptw sxbtulv\" aria-hidden=\"false\" data-hook=\"info-section-title\">SERVICE<\/h2>\n<div class=\"rah-static rah-static--height-auto\" aria-hidden=\"false\">\n<div>\n<div class=\"ulKuLk QfrfFD cell\">\n<div class=\"zp8uy2\" data-hook=\"info-section-description\">\n<p>Garde: 3 &#8211;\u00a05\u00a0ans<\/p>\n<p>Temp\u00e9rature de service: 10\u00b0C &#8211; 12\u00b0C<\/p>\n<p>Conditions de garde: temp\u00e9rature 10\u00b0C &#8211; 14\u00b0C, le prot\u00e9ger de la lumi\u00e8re, position horizontale<\/p>\n<p>Fermeture: bouchon li\u00e8ge naturel<\/p>\n<p>&nbsp;<\/p>\n<ul class=\"YInLPU\" data-hook=\"collapse-info-section\">\n<li class=\"KHWbzo undefined\" data-hook=\"collapse-info-item\">\n<h2 class=\"sNipX2_ ojo6Ou4---typography-11-runningText ojo6Ou4---priority-7-primary _HOcyB x4nptw sxbtulv\" aria-hidden=\"false\" data-hook=\"info-section-title\">CARACT\u00c9RISTIQUES ET ACCORDS<\/h2>\n<div class=\"rah-static rah-static--height-auto\" aria-hidden=\"false\">\n<div>\n<div class=\"ulKuLk QfrfFD cell\">\n<div class=\"zp8uy2\" data-hook=\"info-section-description\">\n<p>A l&#8217;oeil: robe paille, reflets orang\u00e9s<\/p>\n<p>Au nez \/ en bouche: vin blanc vif, \u00e9nerg\u00e9tique, pomme Granny Smith, miel de sapin, amer\u00a0\u00e9l\u00e9gant, min\u00e9ralit\u00e9<\/p>\n<p>Accord mets &amp; vins: tataki de thon, ap\u00e9ritif, volaille \u00e0 la cr\u00e8me de champignon, poisson sauce vierge<\/p>\n<\/div>\n<\/div>\n<\/div>\n<\/div>\n<\/li>\n<\/ul>\n<\/div>\n<\/div>\n<\/div>\n<\/div>\n<\/li>\n<\/ul>\n","protected":false},"excerpt":{"rendered":"<p>C\u00e9page: 100% chasselas<\/p>\n<p>Mill\u00e9sime: 2022\u00a0\u200b\u200b\u200b\u200b\u200b\u200b\u200b<\/p>\n<p>Appellation : vin de pays<\/p>\n<p>Couleur et type: blanc, sec<\/p>\n<p>Provenance: Villeneuve\u00a0(Vaud)<\/p>\n<p>Vinification : \u00e9levage sur lies en cuve inox<\/p>\n<p>750 ml, 10% alcool<\/p>\n","protected":false},"featured_media":10798,"comment_status":"open","ping_status":"closed","template":"","meta":[],"product_brand":[],"product_cat":[406],"product_tag":[881,883,882],"class_list":{"0":"post-10797","1":"product","2":"type-product","3":"status-publish","4":"has-post-thumbnail","6":"product_cat-boissons-alcoolisees","7":"product_tag-chasselas","8":"product_tag-jordirenard","9":"product_tag-maisonvulpin","11":"first","12":"instock","13":"shipping-taxable","14":"purchasable","15":"product-type-simple"},"_links":{"self":[{"href":"https:\/\/dev.farm-good.com\/de\/wp-json\/wp\/v2\/product\/10797","targetHints":{"allow":["GET"]}}],"collection":[{"href":"https:\/\/dev.farm-good.com\/de\/wp-json\/wp\/v2\/product"}],"about":[{"href":"https:\/\/dev.farm-good.com\/de\/wp-json\/wp\/v2\/types\/product"}],"replies":[{"embeddable":true,"href":"https:\/\/dev.farm-good.com\/de\/wp-json\/wp\/v2\/comments?post=10797"}],"wp:featuredmedia":[{"embeddable":true,"href":"https:\/\/dev.farm-good.com\/de\/wp-json\/wp\/v2\/media\/10798"}],"wp:attachment":[{"href":"https:\/\/dev.farm-good.com\/de\/wp-json\/wp\/v2\/media?parent=10797"}],"wp:term":[{"taxonomy":"product_brand","embeddable":true,"href":"https:\/\/dev.farm-good.com\/de\/wp-json\/wp\/v2\/product_brand?post=10797"},{"taxonomy":"product_cat","embeddable":true,"href":"https:\/\/dev.farm-good.com\/de\/wp-json\/wp\/v2\/product_cat?post=10797"},{"taxonomy":"product_tag","embeddable":true,"href":"https:\/\/dev.farm-good.com\/de\/wp-json\/wp\/v2\/product_tag?post=10797"}],"curies":[{"name":"wp","href":"https:\/\/api.w.org\/{rel}","templated":true}]}}